{"id":649,"date":"2024-10-20T16:20:50","date_gmt":"2024-10-20T13:20:50","guid":{"rendered":"https:\/\/omegle.red\/?page_id=649"},"modified":"2024-10-20T16:28:18","modified_gmt":"2024-10-20T13:28:18","slug":"politica-de-confidentialitate","status":"publish","type":"page","link":"https:\/\/omegle.red\/ro\/politica-de-confidentialitate\/","title":{"rendered":"Politica de confiden\u021bialitate"},"content":{"rendered":"<div data-elementor-type=\"wp-page\" data-elementor-id=\"649\" class=\"elementor elementor-649\">\n\t\t\t\t\t\t<section class=\"elementor-section elementor-top-section elementor-element elementor-element-229109fd elementor-section-boxed elementor-section-height-default elementor-section-height-default\" data-id=\"229109fd\" data-element_type=\"section\" data-e-type=\"section\" data-settings=\"{&quot;background_background&quot;:&quot;classic&quot;}\">\n\t\t\t\t\t\t\t<div class=\"elementor-background-overlay\"><\/div>\n\t\t\t\t\t\t\t<div class=\"elementor-container elementor-column-gap-default\">\n\t\t\t\t\t<div class=\"elementor-column elementor-col-100 elementor-top-column elementor-element elementor-element-1d4b1ef1\" data-id=\"1d4b1ef1\" data-element_type=\"column\" data-e-type=\"column\">\n\t\t\t<div class=\"elementor-widget-wrap elementor-element-populated\">\n\t\t\t\t\t\t<div class=\"elementor-element elementor-element-66e67848 elementor-invisible elementor-widget elementor-widget-heading\" data-id=\"66e67848\" data-element_type=\"widget\" data-e-type=\"widget\" data-settings=\"{&quot;_animation&quot;:&quot;fadeInUp&quot;}\" data-widget_type=\"heading.default\">\n\t\t\t\t<div class=\"elementor-widget-container\">\n\t\t\t\t\t<h2 class=\"elementor-heading-title elementor-size-default\">Politica de confiden\u021bialitate pentru Omegle.red<\/h2>\t\t\t\t<\/div>\n\t\t\t\t<\/div>\n\t\t\t\t<div class=\"elementor-element elementor-element-5047d9ee elementor-invisible elementor-widget elementor-widget-text-editor\" data-id=\"5047d9ee\" data-element_type=\"widget\" data-e-type=\"widget\" data-settings=\"{&quot;_animation&quot;:&quot;fadeInUp&quot;}\" data-widget_type=\"text-editor.default\">\n\t\t\t\t<div class=\"elementor-widget-container\">\n\t\t\t\t\t\t\t\t\t<p>Dreptul dumneavoastr\u0103 la confiden\u021bialitate este important pentru noi. Aceast\u0103 politic\u0103 de confiden\u021bialitate descrie modul \u00een care colect\u0103m, utiliz\u0103m \u0219i protej\u0103m informa\u021biile dumneavoastr\u0103 atunci c\u00e2nd utiliza\u021bi site-ul nostru.<\/p>\t\t\t\t\t\t\t\t<\/div>\n\t\t\t\t<\/div>\n\t\t\t\t<div class=\"elementor-element elementor-element-2fc4127 elementor-invisible elementor-widget elementor-widget-text-editor\" data-id=\"2fc4127\" data-element_type=\"widget\" data-e-type=\"widget\" data-settings=\"{&quot;_animation&quot;:&quot;fadeInUp&quot;}\" data-widget_type=\"text-editor.default\">\n\t\t\t\t<div class=\"elementor-widget-container\">\n\t\t\t\t\t\t\t\t\t<p><strong>1. Parteneriatul<\/strong><\/p><p>Suntem un parteneriat cu Coomeet.com. \u00centreaga noastr\u0103 politic\u0103 de confiden\u021bialitate de baz\u0103 privind utilizarea serviciului nostru este prezentat\u0103 pe site-ul Coomeet. Prin utilizarea site-ului nostru, sunte\u021bi automat de acord cu politica de confiden\u021bialitate publicat\u0103 pe Coomeet.com.<\/p><p>\u00a0<\/p><p><strong>2. Colectarea informa\u021biilor<\/strong><\/p><p>Colect\u0103m informa\u021biile pe care le furniza\u021bi atunci c\u00e2nd v\u0103 \u00eenregistra\u021bi \u0219i utiliza\u021bi serviciul nostru. Acestea pot include, f\u0103r\u0103 a se limita la acestea, numele dvs., adresa de e-mail \u0219i datele de chat.<\/p><p>\u00a0<\/p><p><strong>3. utilizarea informa\u021biilor<\/strong><\/p><p>Utiliz\u0103m informa\u021biile dvs. pentru:<\/p><p>Furnizarea \u0219i \u00eembun\u0103t\u0103\u021birea serviciilor noastre.<br \/>S\u0103 v\u0103 contact\u0103m cu \u00eentreb\u0103ri referitoare la contul dvs.<br \/>Analizarea utiliz\u0103rii de c\u0103tre dvs. a serviciului nostru pentru \u00eembun\u0103t\u0103\u021birea func\u021bionalit\u0103\u021bii.<\/p><p><br \/><strong>4. Securitate<\/strong><br \/>Lu\u0103m m\u0103suri rezonabile pentru a v\u0103 proteja informa\u021biile \u00eempotriva accesului, utiliz\u0103rii sau divulg\u0103rii neautorizate. Cu toate acestea, nicio metod\u0103 de transmitere pe internet sau metod\u0103 de stocare a datelor nu poate fi garantat\u0103 ca fiind absolut sigur\u0103.<\/p><p>\u00a0<\/p><p><strong>5. Fursecuri<\/strong><br \/>Site-ul nostru utilizeaz\u0103 module cookie pentru a v\u0103 \u00eembun\u0103t\u0103\u021bi experien\u021ba de utilizator. Pute\u021bi seta browserul dvs. s\u0103 refuze sau s\u0103 v\u0103 notifice cu privire la toate modulele cookie.<\/p><p>\u00a0<\/p><p><strong>6. Accesul la informa\u021bii<\/strong><br \/>Ave\u021bi dreptul de a solicita accesul la, modificarea sau \u0219tergerea informa\u021biilor pe care le de\u021binem despre dumneavoastr\u0103.<\/p><p>\u00a0<\/p><p><strong>7. Modific\u0103ri ale politicilor<\/strong><br \/>Din c\u00e2nd \u00een c\u00e2nd, ne putem actualiza Politica de confiden\u021bialitate. V\u0103 vom notifica cu privire la modific\u0103ri prin postarea noii politici pe acest site.<\/p><p>\u00a0<\/p><p><strong>8. Informa\u021bii de contact<\/strong><br \/>Dac\u0103 ave\u021bi \u00eentreb\u0103ri sau sugestii cu privire la Politica noastr\u0103 de confiden\u021bialitate, v\u0103 rug\u0103m s\u0103 ne contacta\u021bi la webmaster@omegle.red.<\/p><p><strong>Ultima actualizare:<\/strong> 20-10-2024.<\/p>\t\t\t\t\t\t\t\t<\/div>\n\t\t\t\t<\/div>\n\t\t\t\t\t<\/div>\n\t\t<\/div>\n\t\t\t\t\t<\/div>\n\t\t<\/section>\n\t\t\t\t<\/div>","protected":false},"excerpt":{"rendered":"<p>Privacy Policy for Omegle.red Your right to privacy is important to us. This Privacy Policy describes how we collect, use and protect your information when you use our website. 1. Partnership We are a partnership with Coomeet.com. Our entire basic privacy policy regarding the use of our service is set forth on the Coomeet website. [&hellip;]<\/p>","protected":false},"author":1,"featured_media":0,"parent":0,"menu_order":0,"comment_status":"closed","ping_status":"closed","template":"elementor_header_footer","meta":{"footnotes":""},"class_list":["post-649","page","type-page","status-publish","hentry"],"aioseo_notices":[],"_links":{"self":[{"href":"https:\/\/omegle.red\/ro\/wp-json\/wp\/v2\/pages\/649","targetHints":{"allow":["GET"]}}],"collection":[{"href":"https:\/\/omegle.red\/ro\/wp-json\/wp\/v2\/pages"}],"about":[{"href":"https:\/\/omegle.red\/ro\/wp-json\/wp\/v2\/types\/page"}],"author":[{"embeddable":true,"href":"https:\/\/omegle.red\/ro\/wp-json\/wp\/v2\/users\/1"}],"replies":[{"embeddable":true,"href":"https:\/\/omegle.red\/ro\/wp-json\/wp\/v2\/comments?post=649"}],"version-history":[{"count":0,"href":"https:\/\/omegle.red\/ro\/wp-json\/wp\/v2\/pages\/649\/revisions"}],"wp:attachment":[{"href":"https:\/\/omegle.red\/ro\/wp-json\/wp\/v2\/media?parent=649"}],"curies":[{"name":"wp","href":"https:\/\/api.w.org\/{rel}","templated":true}]}}