{"id":649,"date":"2024-10-20T16:20:50","date_gmt":"2024-10-20T13:20:50","guid":{"rendered":"https:\/\/omegle.red\/?page_id=649"},"modified":"2024-10-20T16:28:18","modified_gmt":"2024-10-20T13:28:18","slug":"politica-de-privacidade","status":"publish","type":"page","link":"https:\/\/omegle.red\/pt\/politica-de-privacidade\/","title":{"rendered":"Pol\u00edtica de privacidade"},"content":{"rendered":"<div data-elementor-type=\"wp-page\" data-elementor-id=\"649\" class=\"elementor elementor-649\">\n\t\t\t\t\t\t<section class=\"elementor-section elementor-top-section elementor-element elementor-element-229109fd elementor-section-boxed elementor-section-height-default elementor-section-height-default\" data-id=\"229109fd\" data-element_type=\"section\" data-e-type=\"section\" data-settings=\"{&quot;background_background&quot;:&quot;classic&quot;}\">\n\t\t\t\t\t\t\t<div class=\"elementor-background-overlay\"><\/div>\n\t\t\t\t\t\t\t<div class=\"elementor-container elementor-column-gap-default\">\n\t\t\t\t\t<div class=\"elementor-column elementor-col-100 elementor-top-column elementor-element elementor-element-1d4b1ef1\" data-id=\"1d4b1ef1\" data-element_type=\"column\" data-e-type=\"column\">\n\t\t\t<div class=\"elementor-widget-wrap elementor-element-populated\">\n\t\t\t\t\t\t<div class=\"elementor-element elementor-element-66e67848 elementor-invisible elementor-widget elementor-widget-heading\" data-id=\"66e67848\" data-element_type=\"widget\" data-e-type=\"widget\" data-settings=\"{&quot;_animation&quot;:&quot;fadeInUp&quot;}\" data-widget_type=\"heading.default\">\n\t\t\t\t<div class=\"elementor-widget-container\">\n\t\t\t\t\t<h2 class=\"elementor-heading-title elementor-size-default\">Pol\u00edtica de privacidade para Omegle.red<\/h2>\t\t\t\t<\/div>\n\t\t\t\t<\/div>\n\t\t\t\t<div class=\"elementor-element elementor-element-5047d9ee elementor-invisible elementor-widget elementor-widget-text-editor\" data-id=\"5047d9ee\" data-element_type=\"widget\" data-e-type=\"widget\" data-settings=\"{&quot;_animation&quot;:&quot;fadeInUp&quot;}\" data-widget_type=\"text-editor.default\">\n\t\t\t\t<div class=\"elementor-widget-container\">\n\t\t\t\t\t\t\t\t\t<p>O seu direito \u00e0 privacidade \u00e9 importante para n\u00f3s. Esta Pol\u00edtica de Privacidade descreve a forma como recolhemos, utilizamos e protegemos as suas informa\u00e7\u00f5es quando utiliza o nosso s\u00edtio Web.<\/p>\t\t\t\t\t\t\t\t<\/div>\n\t\t\t\t<\/div>\n\t\t\t\t<div class=\"elementor-element elementor-element-2fc4127 elementor-invisible elementor-widget elementor-widget-text-editor\" data-id=\"2fc4127\" data-element_type=\"widget\" data-e-type=\"widget\" data-settings=\"{&quot;_animation&quot;:&quot;fadeInUp&quot;}\" data-widget_type=\"text-editor.default\">\n\t\t\t\t<div class=\"elementor-widget-container\">\n\t\t\t\t\t\t\t\t\t<p><strong>1. Parceria<\/strong><\/p><p>Somos uma parceria com Coomeet.com. Toda a nossa pol\u00edtica de privacidade b\u00e1sica relativa \u00e0 utiliza\u00e7\u00e3o do nosso servi\u00e7o est\u00e1 definida no s\u00edtio Web Coomeet. Ao utilizar o nosso s\u00edtio, o utilizador concorda automaticamente com a pol\u00edtica de privacidade publicada em Coomeet.com.<\/p><p>\u00a0<\/p><p><strong>2. Recolha de informa\u00e7\u00f5es<\/strong><\/p><p>Recolhemos informa\u00e7\u00f5es que o utilizador fornece quando se regista e utiliza o nosso servi\u00e7o. Estas informa\u00e7\u00f5es podem incluir, mas n\u00e3o se limitam a, o seu nome, endere\u00e7o de correio eletr\u00f3nico e dados de conversa\u00e7\u00e3o.<\/p><p>\u00a0<\/p><p><strong>3. utiliza\u00e7\u00e3o da informa\u00e7\u00e3o<\/strong><\/p><p>Utilizamos as suas informa\u00e7\u00f5es para:<\/p><p>Fornecer e melhorar os nossos servi\u00e7os.<br \/>Contactar o utilizador com quest\u00f5es relacionadas com a sua conta.<br \/>Analisar a sua utiliza\u00e7\u00e3o do nosso servi\u00e7o para melhorar a funcionalidade.<\/p><p><br \/><strong>4. Seguran\u00e7a<\/strong><br \/>Tomamos medidas razo\u00e1veis para proteger as informa\u00e7\u00f5es do utilizador contra acesso, utiliza\u00e7\u00e3o ou divulga\u00e7\u00e3o n\u00e3o autorizados. No entanto, nenhum m\u00e9todo de transmiss\u00e3o atrav\u00e9s da Internet ou m\u00e9todo de armazenamento de dados pode ser garantido como absolutamente seguro.<\/p><p>\u00a0<\/p><p><strong>5. Biscoitos<\/strong><br \/>O nosso s\u00edtio Web utiliza cookies para melhorar a sua experi\u00eancia de utilizador. Pode configurar o seu browser para recusar ou notific\u00e1-lo de todos os cookies.<\/p><p>\u00a0<\/p><p><strong>6. Acesso \u00e0 informa\u00e7\u00e3o<\/strong><br \/>O utilizador tem o direito de solicitar o acesso, a altera\u00e7\u00e3o ou a elimina\u00e7\u00e3o das informa\u00e7\u00f5es que possu\u00edmos sobre si.<\/p><p>\u00a0<\/p><p><strong>7. Altera\u00e7\u00f5es pol\u00edticas<\/strong><br \/>Poderemos atualizar a nossa Pol\u00edtica de Privacidade ocasionalmente. Notific\u00e1-lo-emos das altera\u00e7\u00f5es, publicando a nova Pol\u00edtica neste s\u00edtio Web.<\/p><p>\u00a0<\/p><p><strong>8. Informa\u00e7\u00f5es de contacto<\/strong><br \/>Se tiver d\u00favidas ou sugest\u00f5es sobre a nossa Pol\u00edtica de Privacidade, contacte-nos atrav\u00e9s do endere\u00e7o webmaster@omegle.red.<\/p><p><strong>\u00daltima atualiza\u00e7\u00e3o:<\/strong> 20-10-2024.<\/p>\t\t\t\t\t\t\t\t<\/div>\n\t\t\t\t<\/div>\n\t\t\t\t\t<\/div>\n\t\t<\/div>\n\t\t\t\t\t<\/div>\n\t\t<\/section>\n\t\t\t\t<\/div>","protected":false},"excerpt":{"rendered":"<p>Privacy Policy for Omegle.red Your right to privacy is important to us. This Privacy Policy describes how we collect, use and protect your information when you use our website. 1. Partnership We are a partnership with Coomeet.com. Our entire basic privacy policy regarding the use of our service is set forth on the Coomeet website. [&hellip;]<\/p>","protected":false},"author":1,"featured_media":0,"parent":0,"menu_order":0,"comment_status":"closed","ping_status":"closed","template":"elementor_header_footer","meta":{"footnotes":""},"class_list":["post-649","page","type-page","status-publish","hentry"],"aioseo_notices":[],"_links":{"self":[{"href":"https:\/\/omegle.red\/pt\/wp-json\/wp\/v2\/pages\/649","targetHints":{"allow":["GET"]}}],"collection":[{"href":"https:\/\/omegle.red\/pt\/wp-json\/wp\/v2\/pages"}],"about":[{"href":"https:\/\/omegle.red\/pt\/wp-json\/wp\/v2\/types\/page"}],"author":[{"embeddable":true,"href":"https:\/\/omegle.red\/pt\/wp-json\/wp\/v2\/users\/1"}],"replies":[{"embeddable":true,"href":"https:\/\/omegle.red\/pt\/wp-json\/wp\/v2\/comments?post=649"}],"version-history":[{"count":0,"href":"https:\/\/omegle.red\/pt\/wp-json\/wp\/v2\/pages\/649\/revisions"}],"wp:attachment":[{"href":"https:\/\/omegle.red\/pt\/wp-json\/wp\/v2\/media?parent=649"}],"curies":[{"name":"wp","href":"https:\/\/api.w.org\/{rel}","templated":true}]}}