{"id":649,"date":"2024-10-20T16:20:50","date_gmt":"2024-10-20T13:20:50","guid":{"rendered":"https:\/\/omegle.red\/?page_id=649"},"modified":"2024-10-20T16:28:18","modified_gmt":"2024-10-20T13:28:18","slug":"polityka-prywatnosci","status":"publish","type":"page","link":"https:\/\/omegle.red\/pl\/polityka-prywatnosci\/","title":{"rendered":"Polityka prywatno\u015bci"},"content":{"rendered":"<div data-elementor-type=\"wp-page\" data-elementor-id=\"649\" class=\"elementor elementor-649\">\n\t\t\t\t\t\t<section class=\"elementor-section elementor-top-section elementor-element elementor-element-229109fd elementor-section-boxed elementor-section-height-default elementor-section-height-default\" data-id=\"229109fd\" data-element_type=\"section\" data-e-type=\"section\" data-settings=\"{&quot;background_background&quot;:&quot;classic&quot;}\">\n\t\t\t\t\t\t\t<div class=\"elementor-background-overlay\"><\/div>\n\t\t\t\t\t\t\t<div class=\"elementor-container elementor-column-gap-default\">\n\t\t\t\t\t<div class=\"elementor-column elementor-col-100 elementor-top-column elementor-element elementor-element-1d4b1ef1\" data-id=\"1d4b1ef1\" data-element_type=\"column\" data-e-type=\"column\">\n\t\t\t<div class=\"elementor-widget-wrap elementor-element-populated\">\n\t\t\t\t\t\t<div class=\"elementor-element elementor-element-66e67848 elementor-invisible elementor-widget elementor-widget-heading\" data-id=\"66e67848\" data-element_type=\"widget\" data-e-type=\"widget\" data-settings=\"{&quot;_animation&quot;:&quot;fadeInUp&quot;}\" data-widget_type=\"heading.default\">\n\t\t\t\t<div class=\"elementor-widget-container\">\n\t\t\t\t\t<h2 class=\"elementor-heading-title elementor-size-default\">Polityka prywatno\u015bci dla Omegle.red<\/h2>\t\t\t\t<\/div>\n\t\t\t\t<\/div>\n\t\t\t\t<div class=\"elementor-element elementor-element-5047d9ee elementor-invisible elementor-widget elementor-widget-text-editor\" data-id=\"5047d9ee\" data-element_type=\"widget\" data-e-type=\"widget\" data-settings=\"{&quot;_animation&quot;:&quot;fadeInUp&quot;}\" data-widget_type=\"text-editor.default\">\n\t\t\t\t<div class=\"elementor-widget-container\">\n\t\t\t\t\t\t\t\t\t<p>Twoje prawo do prywatno\u015bci jest dla nas wa\u017cne. Niniejsza Polityka prywatno\u015bci opisuje, w jaki spos\u00f3b gromadzimy, wykorzystujemy i chronimy informacje u\u017cytkownika podczas korzystania z naszej witryny internetowej.<\/p>\t\t\t\t\t\t\t\t<\/div>\n\t\t\t\t<\/div>\n\t\t\t\t<div class=\"elementor-element elementor-element-2fc4127 elementor-invisible elementor-widget elementor-widget-text-editor\" data-id=\"2fc4127\" data-element_type=\"widget\" data-e-type=\"widget\" data-settings=\"{&quot;_animation&quot;:&quot;fadeInUp&quot;}\" data-widget_type=\"text-editor.default\">\n\t\t\t\t<div class=\"elementor-widget-container\">\n\t\t\t\t\t\t\t\t\t<p><strong>1. Partnerstwo<\/strong><\/p><p>Jeste\u015bmy partnerem Coomeet.com. Ca\u0142a nasza podstawowa polityka prywatno\u015bci dotycz\u0105ca korzystania z naszej us\u0142ugi jest okre\u015blona na stronie internetowej Coomeet. Korzystaj\u0105c z naszej strony, automatycznie zgadzasz si\u0119 na polityk\u0119 prywatno\u015bci opublikowan\u0105 na Coomeet.com.<\/p><p>\u00a0<\/p><p><strong>2. Gromadzenie informacji<\/strong><\/p><p>Gromadzimy informacje podane przez u\u017cytkownika podczas rejestracji i korzystania z naszej us\u0142ugi. Mo\u017ce to obejmowa\u0107 mi\u0119dzy innymi imi\u0119 i nazwisko, adres e-mail i dane czatu.<\/p><p>\u00a0<\/p><p><strong>3. wykorzystanie informacji<\/strong><\/p><p>U\u017cywamy informacji o u\u017cytkowniku do:<\/p><p>\u015awiadczenie i ulepszanie naszych us\u0142ug.<br \/>Kontaktowanie si\u0119 z u\u017cytkownikiem w przypadku pyta\u0144 dotycz\u0105cych jego konta.<br \/>Analiza korzystania z naszych us\u0142ug w celu poprawy ich funkcjonalno\u015bci.<\/p><p><br \/><strong>4. Bezpiecze\u0144stwo<\/strong><br \/>Podejmujemy uzasadnione \u015brodki w celu ochrony informacji u\u017cytkownika przed nieuprawnionym dost\u0119pem, wykorzystaniem lub ujawnieniem. Nie mo\u017cna jednak zagwarantowa\u0107 ca\u0142kowitego bezpiecze\u0144stwa \u017cadnej metody transmisji przez Internet ani metody przechowywania danych.<\/p><p>\u00a0<\/p><p><strong>5. Pliki cookie<\/strong><br \/>Nasza strona internetowa wykorzystuje pliki cookie, aby poprawi\u0107 komfort u\u017cytkowania. Mo\u017cesz ustawi\u0107 swoj\u0105 przegl\u0105dark\u0119 tak, aby odrzuca\u0142a wszystkie pliki cookie lub powiadamia\u0142a Ci\u0119 o nich.<\/p><p>\u00a0<\/p><p><strong>6. Dost\u0119p do informacji<\/strong><br \/>U\u017cytkownik ma prawo za\u017c\u0105da\u0107 dost\u0119pu do przechowywanych przez nas informacji na jego temat, ich modyfikacji lub usuni\u0119cia.<\/p><p>\u00a0<\/p><p><strong>7. Zmiany polityki<\/strong><br \/>Od czasu do czasu mo\u017cemy aktualizowa\u0107 nasz\u0105 Polityk\u0119 prywatno\u015bci. Powiadomimy u\u017cytkownika o zmianach, publikuj\u0105c now\u0105 Polityk\u0119 na tej stronie internetowej.<\/p><p>\u00a0<\/p><p><strong>8. Informacje kontaktowe<\/strong><br \/>W przypadku pyta\u0144 lub sugestii dotycz\u0105cych naszej Polityki prywatno\u015bci prosimy o kontakt pod adresem webmaster@omegle.red.<\/p><p><strong>Ostatnia aktualizacja:<\/strong> 20-10-2024.<\/p>\t\t\t\t\t\t\t\t<\/div>\n\t\t\t\t<\/div>\n\t\t\t\t\t<\/div>\n\t\t<\/div>\n\t\t\t\t\t<\/div>\n\t\t<\/section>\n\t\t\t\t<\/div>","protected":false},"excerpt":{"rendered":"<p>Privacy Policy for Omegle.red Your right to privacy is important to us. This Privacy Policy describes how we collect, use and protect your information when you use our website. 1. Partnership We are a partnership with Coomeet.com. Our entire basic privacy policy regarding the use of our service is set forth on the Coomeet website. [&hellip;]<\/p>","protected":false},"author":1,"featured_media":0,"parent":0,"menu_order":0,"comment_status":"closed","ping_status":"closed","template":"elementor_header_footer","meta":{"footnotes":""},"class_list":["post-649","page","type-page","status-publish","hentry"],"aioseo_notices":[],"_links":{"self":[{"href":"https:\/\/omegle.red\/pl\/wp-json\/wp\/v2\/pages\/649","targetHints":{"allow":["GET"]}}],"collection":[{"href":"https:\/\/omegle.red\/pl\/wp-json\/wp\/v2\/pages"}],"about":[{"href":"https:\/\/omegle.red\/pl\/wp-json\/wp\/v2\/types\/page"}],"author":[{"embeddable":true,"href":"https:\/\/omegle.red\/pl\/wp-json\/wp\/v2\/users\/1"}],"replies":[{"embeddable":true,"href":"https:\/\/omegle.red\/pl\/wp-json\/wp\/v2\/comments?post=649"}],"version-history":[{"count":0,"href":"https:\/\/omegle.red\/pl\/wp-json\/wp\/v2\/pages\/649\/revisions"}],"wp:attachment":[{"href":"https:\/\/omegle.red\/pl\/wp-json\/wp\/v2\/media?parent=649"}],"curies":[{"name":"wp","href":"https:\/\/api.w.org\/{rel}","templated":true}]}}