{"id":649,"date":"2024-10-20T16:20:50","date_gmt":"2024-10-20T13:20:50","guid":{"rendered":"https:\/\/omegle.red\/?page_id=649"},"modified":"2024-10-20T16:28:18","modified_gmt":"2024-10-20T13:28:18","slug":"personvernerklaering","status":"publish","type":"page","link":"https:\/\/omegle.red\/nb\/personvernerklaering\/","title":{"rendered":"Retningslinjer for personvern"},"content":{"rendered":"<div data-elementor-type=\"wp-page\" data-elementor-id=\"649\" class=\"elementor elementor-649\">\n\t\t\t\t\t\t<section class=\"elementor-section elementor-top-section elementor-element elementor-element-229109fd elementor-section-boxed elementor-section-height-default elementor-section-height-default\" data-id=\"229109fd\" data-element_type=\"section\" data-e-type=\"section\" data-settings=\"{&quot;background_background&quot;:&quot;classic&quot;}\">\n\t\t\t\t\t\t\t<div class=\"elementor-background-overlay\"><\/div>\n\t\t\t\t\t\t\t<div class=\"elementor-container elementor-column-gap-default\">\n\t\t\t\t\t<div class=\"elementor-column elementor-col-100 elementor-top-column elementor-element elementor-element-1d4b1ef1\" data-id=\"1d4b1ef1\" data-element_type=\"column\" data-e-type=\"column\">\n\t\t\t<div class=\"elementor-widget-wrap elementor-element-populated\">\n\t\t\t\t\t\t<div class=\"elementor-element elementor-element-66e67848 elementor-invisible elementor-widget elementor-widget-heading\" data-id=\"66e67848\" data-element_type=\"widget\" data-e-type=\"widget\" data-settings=\"{&quot;_animation&quot;:&quot;fadeInUp&quot;}\" data-widget_type=\"heading.default\">\n\t\t\t\t<div class=\"elementor-widget-container\">\n\t\t\t\t\t<h2 class=\"elementor-heading-title elementor-size-default\">Retningslinjer for personvern for Omegle.red<\/h2>\t\t\t\t<\/div>\n\t\t\t\t<\/div>\n\t\t\t\t<div class=\"elementor-element elementor-element-5047d9ee elementor-invisible elementor-widget elementor-widget-text-editor\" data-id=\"5047d9ee\" data-element_type=\"widget\" data-e-type=\"widget\" data-settings=\"{&quot;_animation&quot;:&quot;fadeInUp&quot;}\" data-widget_type=\"text-editor.default\">\n\t\t\t\t<div class=\"elementor-widget-container\">\n\t\t\t\t\t\t\t\t\t<p>Din rett til personvern er viktig for oss. Denne personvernerkl\u00e6ringen beskriver hvordan vi samler inn, bruker og beskytter informasjonen din n\u00e5r du bruker nettstedet v\u00e5rt.<\/p>\t\t\t\t\t\t\t\t<\/div>\n\t\t\t\t<\/div>\n\t\t\t\t<div class=\"elementor-element elementor-element-2fc4127 elementor-invisible elementor-widget elementor-widget-text-editor\" data-id=\"2fc4127\" data-element_type=\"widget\" data-e-type=\"widget\" data-settings=\"{&quot;_animation&quot;:&quot;fadeInUp&quot;}\" data-widget_type=\"text-editor.default\">\n\t\t\t\t<div class=\"elementor-widget-container\">\n\t\t\t\t\t\t\t\t\t<p><strong>1. Partnerskap<\/strong><\/p><p>Vi er et partnerskap med Coomeet.com. Hele v\u00e5r grunnleggende personvernerkl\u00e6ring om bruk av v\u00e5r tjeneste er beskrevet p\u00e5 Coomeets nettside. Ved \u00e5 bruke nettstedet v\u00e5rt, godtar du automatisk personvernerkl\u00e6ringen som er lagt ut p\u00e5 Coomeet.com.<\/p><p>\u00a0<\/p><p><strong>2. Innsamling av informasjon<\/strong><\/p><p>Vi samler inn informasjon som du oppgir n\u00e5r du registrerer deg og bruker tjenesten v\u00e5r. Dette kan omfatte, men er ikke begrenset til, navn, e-postadresse og chat-data.<\/p><p>\u00a0<\/p><p><strong>3. Bruk av informasjon<\/strong><\/p><p>Vi bruker informasjonen din til \u00e5:<\/p><p>Tilby og forbedre tjenestene v\u00e5re.<br \/>kontakte deg med sp\u00f8rsm\u00e5l om kontoen din.<br \/>Analysere din bruk av tjenesten v\u00e5r for \u00e5 forbedre funksjonaliteten.<\/p><p><br \/><strong>4. Sikkerhet<\/strong><br \/>Vi iverksetter rimelige tiltak for \u00e5 beskytte informasjonen din mot uautorisert tilgang, bruk eller utlevering. Ingen metode for overf\u00f8ring over Internett eller datalagring kan imidlertid garanteres \u00e5 v\u00e6re helt sikker.<\/p><p>\u00a0<\/p><p><strong>5. Informasjonskapsler<\/strong><br \/>Nettstedet v\u00e5rt bruker informasjonskapsler for \u00e5 forbedre brukeropplevelsen din. Du kan stille inn nettleseren din til \u00e5 nekte eller varsle deg om alle informasjonskapsler.<\/p><p>\u00a0<\/p><p><strong>6. Tilgang til informasjon<\/strong><br \/>Du har rett til \u00e5 be om innsyn i, endre eller slette opplysninger vi har om deg.<\/p><p>\u00a0<\/p><p><strong>7. Endringer i retningslinjene<\/strong><br \/>Vi kan oppdatere personvernerkl\u00e6ringen v\u00e5r fra tid til annen. Vi vil varsle deg om endringer ved \u00e5 legge ut de nye retningslinjene p\u00e5 dette nettstedet.<\/p><p>\u00a0<\/p><p><strong>8. Kontaktinformasjon<\/strong><br \/>Hvis du har sp\u00f8rsm\u00e5l eller forslag til v\u00e5re retningslinjer for personvern, kan du kontakte oss p\u00e5 webmaster@omegle.red.<\/p><p><strong>Sist oppdatert:<\/strong> 20-10-2024.<\/p>\t\t\t\t\t\t\t\t<\/div>\n\t\t\t\t<\/div>\n\t\t\t\t\t<\/div>\n\t\t<\/div>\n\t\t\t\t\t<\/div>\n\t\t<\/section>\n\t\t\t\t<\/div>","protected":false},"excerpt":{"rendered":"<p>Privacy Policy for Omegle.red Your right to privacy is important to us. This Privacy Policy describes how we collect, use and protect your information when you use our website. 1. Partnership We are a partnership with Coomeet.com. Our entire basic privacy policy regarding the use of our service is set forth on the Coomeet website. [&hellip;]<\/p>","protected":false},"author":1,"featured_media":0,"parent":0,"menu_order":0,"comment_status":"closed","ping_status":"closed","template":"elementor_header_footer","meta":{"footnotes":""},"class_list":["post-649","page","type-page","status-publish","hentry"],"aioseo_notices":[],"_links":{"self":[{"href":"https:\/\/omegle.red\/nb\/wp-json\/wp\/v2\/pages\/649","targetHints":{"allow":["GET"]}}],"collection":[{"href":"https:\/\/omegle.red\/nb\/wp-json\/wp\/v2\/pages"}],"about":[{"href":"https:\/\/omegle.red\/nb\/wp-json\/wp\/v2\/types\/page"}],"author":[{"embeddable":true,"href":"https:\/\/omegle.red\/nb\/wp-json\/wp\/v2\/users\/1"}],"replies":[{"embeddable":true,"href":"https:\/\/omegle.red\/nb\/wp-json\/wp\/v2\/comments?post=649"}],"version-history":[{"count":0,"href":"https:\/\/omegle.red\/nb\/wp-json\/wp\/v2\/pages\/649\/revisions"}],"wp:attachment":[{"href":"https:\/\/omegle.red\/nb\/wp-json\/wp\/v2\/media?parent=649"}],"curies":[{"name":"wp","href":"https:\/\/api.w.org\/{rel}","templated":true}]}}