{"id":649,"date":"2024-10-20T16:20:50","date_gmt":"2024-10-20T13:20:50","guid":{"rendered":"https:\/\/omegle.red\/?page_id=649"},"modified":"2024-10-20T16:28:18","modified_gmt":"2024-10-20T13:28:18","slug":"politique-de-confidentialite","status":"publish","type":"page","link":"https:\/\/omegle.red\/fr\/politique-de-confidentialite\/","title":{"rendered":"Politique de confidentialit\u00e9"},"content":{"rendered":"<div data-elementor-type=\"wp-page\" data-elementor-id=\"649\" class=\"elementor elementor-649\">\n\t\t\t\t\t\t<section class=\"elementor-section elementor-top-section elementor-element elementor-element-229109fd elementor-section-boxed elementor-section-height-default elementor-section-height-default\" data-id=\"229109fd\" data-element_type=\"section\" data-e-type=\"section\" data-settings=\"{&quot;background_background&quot;:&quot;classic&quot;}\">\n\t\t\t\t\t\t\t<div class=\"elementor-background-overlay\"><\/div>\n\t\t\t\t\t\t\t<div class=\"elementor-container elementor-column-gap-default\">\n\t\t\t\t\t<div class=\"elementor-column elementor-col-100 elementor-top-column elementor-element elementor-element-1d4b1ef1\" data-id=\"1d4b1ef1\" data-element_type=\"column\" data-e-type=\"column\">\n\t\t\t<div class=\"elementor-widget-wrap elementor-element-populated\">\n\t\t\t\t\t\t<div class=\"elementor-element elementor-element-66e67848 elementor-invisible elementor-widget elementor-widget-heading\" data-id=\"66e67848\" data-element_type=\"widget\" data-e-type=\"widget\" data-settings=\"{&quot;_animation&quot;:&quot;fadeInUp&quot;}\" data-widget_type=\"heading.default\">\n\t\t\t\t<div class=\"elementor-widget-container\">\n\t\t\t\t\t<h2 class=\"elementor-heading-title elementor-size-default\">Politique de confidentialit\u00e9 pour Omegle.red<\/h2>\t\t\t\t<\/div>\n\t\t\t\t<\/div>\n\t\t\t\t<div class=\"elementor-element elementor-element-5047d9ee elementor-invisible elementor-widget elementor-widget-text-editor\" data-id=\"5047d9ee\" data-element_type=\"widget\" data-e-type=\"widget\" data-settings=\"{&quot;_animation&quot;:&quot;fadeInUp&quot;}\" data-widget_type=\"text-editor.default\">\n\t\t\t\t<div class=\"elementor-widget-container\">\n\t\t\t\t\t\t\t\t\t<p>Votre droit \u00e0 la vie priv\u00e9e est important pour nous. La pr\u00e9sente politique de confidentialit\u00e9 d\u00e9crit la mani\u00e8re dont nous recueillons, utilisons et prot\u00e9geons vos informations lorsque vous utilisez notre site web.<\/p>\t\t\t\t\t\t\t\t<\/div>\n\t\t\t\t<\/div>\n\t\t\t\t<div class=\"elementor-element elementor-element-2fc4127 elementor-invisible elementor-widget elementor-widget-text-editor\" data-id=\"2fc4127\" data-element_type=\"widget\" data-e-type=\"widget\" data-settings=\"{&quot;_animation&quot;:&quot;fadeInUp&quot;}\" data-widget_type=\"text-editor.default\">\n\t\t\t\t<div class=\"elementor-widget-container\">\n\t\t\t\t\t\t\t\t\t<p><strong>1. Le partenariat<\/strong><\/p><p>Nous sommes en partenariat avec Coomeet.com. L'int\u00e9gralit\u00e9 de notre politique de confidentialit\u00e9 de base concernant l'utilisation de notre service est expos\u00e9e sur le site web de Coomeet. En utilisant notre site, vous acceptez automatiquement la politique de confidentialit\u00e9 affich\u00e9e sur Coomeet.com.<\/p><p>\u00a0<\/p><p><strong>2. Collecte d'informations<\/strong><\/p><p>Nous recueillons les informations que vous nous fournissez lorsque vous vous inscrivez et utilisez notre service. Il peut s'agir, entre autres, de votre nom, de votre adresse \u00e9lectronique et de vos donn\u00e9es de chat.<\/p><p>\u00a0<\/p><p><strong>3. l'utilisation de l'information<\/strong><\/p><p>Nous utilisons vos informations pour :<\/p><p>Fournir et am\u00e9liorer nos services.<br \/>vous contacter pour des questions concernant votre compte.<br \/>L'analyse de votre utilisation de notre service afin d'en am\u00e9liorer la fonctionnalit\u00e9.<\/p><p><br \/><strong>4. La s\u00e9curit\u00e9<\/strong><br \/>Nous prenons des mesures raisonnables pour prot\u00e9ger vos informations contre tout acc\u00e8s, utilisation ou divulgation non autoris\u00e9s. Toutefois, aucune m\u00e9thode de transmission sur l'internet ou de stockage des donn\u00e9es ne peut \u00eatre garantie comme \u00e9tant absolument s\u00fbre.<\/p><p>\u00a0<\/p><p><strong>5. Cookies<\/strong><br \/>Notre site web utilise des cookies pour am\u00e9liorer votre exp\u00e9rience d'utilisateur. Vous pouvez configurer votre navigateur pour qu'il refuse tous les cookies ou qu'il vous en informe.<\/p><p>\u00a0<\/p><p><strong>6. L'acc\u00e8s \u00e0 l'information<\/strong><br \/>Vous avez le droit de demander l'acc\u00e8s aux informations que nous d\u00e9tenons \u00e0 votre sujet, de les modifier ou de les supprimer.<\/p><p>\u00a0<\/p><p><strong>7. Changements de politique<\/strong><br \/>Nous pouvons mettre \u00e0 jour notre politique de confidentialit\u00e9 de temps \u00e0 autre. Nous vous informerons des modifications en publiant la nouvelle politique sur ce site web.<\/p><p>\u00a0<\/p><p><strong>8. Informations sur les contacts<\/strong><br \/>Si vous avez des questions ou des suggestions concernant notre politique de confidentialit\u00e9, veuillez nous contacter \u00e0 l'adresse suivante : webmaster@omegle.red.<\/p><p><strong>Derni\u00e8re mise \u00e0 jour :<\/strong> 20-10-2024.<\/p>\t\t\t\t\t\t\t\t<\/div>\n\t\t\t\t<\/div>\n\t\t\t\t\t<\/div>\n\t\t<\/div>\n\t\t\t\t\t<\/div>\n\t\t<\/section>\n\t\t\t\t<\/div>","protected":false},"excerpt":{"rendered":"<p>Privacy Policy for Omegle.red Your right to privacy is important to us. This Privacy Policy describes how we collect, use and protect your information when you use our website. 1. Partnership We are a partnership with Coomeet.com. Our entire basic privacy policy regarding the use of our service is set forth on the Coomeet website. [&hellip;]<\/p>","protected":false},"author":1,"featured_media":0,"parent":0,"menu_order":0,"comment_status":"closed","ping_status":"closed","template":"elementor_header_footer","meta":{"footnotes":""},"class_list":["post-649","page","type-page","status-publish","hentry"],"aioseo_notices":[],"_links":{"self":[{"href":"https:\/\/omegle.red\/fr\/wp-json\/wp\/v2\/pages\/649","targetHints":{"allow":["GET"]}}],"collection":[{"href":"https:\/\/omegle.red\/fr\/wp-json\/wp\/v2\/pages"}],"about":[{"href":"https:\/\/omegle.red\/fr\/wp-json\/wp\/v2\/types\/page"}],"author":[{"embeddable":true,"href":"https:\/\/omegle.red\/fr\/wp-json\/wp\/v2\/users\/1"}],"replies":[{"embeddable":true,"href":"https:\/\/omegle.red\/fr\/wp-json\/wp\/v2\/comments?post=649"}],"version-history":[{"count":0,"href":"https:\/\/omegle.red\/fr\/wp-json\/wp\/v2\/pages\/649\/revisions"}],"wp:attachment":[{"href":"https:\/\/omegle.red\/fr\/wp-json\/wp\/v2\/media?parent=649"}],"curies":[{"name":"wp","href":"https:\/\/api.w.org\/{rel}","templated":true}]}}