{"id":649,"date":"2024-10-20T16:20:50","date_gmt":"2024-10-20T13:20:50","guid":{"rendered":"https:\/\/omegle.red\/?page_id=649"},"modified":"2024-10-20T16:28:18","modified_gmt":"2024-10-20T13:28:18","slug":"politica-de-privacidad","status":"publish","type":"page","link":"https:\/\/omegle.red\/es\/politica-de-privacidad\/","title":{"rendered":"Pol\u00edtica de privacidad"},"content":{"rendered":"<div data-elementor-type=\"wp-page\" data-elementor-id=\"649\" class=\"elementor elementor-649\">\n\t\t\t\t\t\t<section class=\"elementor-section elementor-top-section elementor-element elementor-element-229109fd elementor-section-boxed elementor-section-height-default elementor-section-height-default\" data-id=\"229109fd\" data-element_type=\"section\" data-e-type=\"section\" data-settings=\"{&quot;background_background&quot;:&quot;classic&quot;}\">\n\t\t\t\t\t\t\t<div class=\"elementor-background-overlay\"><\/div>\n\t\t\t\t\t\t\t<div class=\"elementor-container elementor-column-gap-default\">\n\t\t\t\t\t<div class=\"elementor-column elementor-col-100 elementor-top-column elementor-element elementor-element-1d4b1ef1\" data-id=\"1d4b1ef1\" data-element_type=\"column\" data-e-type=\"column\">\n\t\t\t<div class=\"elementor-widget-wrap elementor-element-populated\">\n\t\t\t\t\t\t<div class=\"elementor-element elementor-element-66e67848 elementor-invisible elementor-widget elementor-widget-heading\" data-id=\"66e67848\" data-element_type=\"widget\" data-e-type=\"widget\" data-settings=\"{&quot;_animation&quot;:&quot;fadeInUp&quot;}\" data-widget_type=\"heading.default\">\n\t\t\t\t<div class=\"elementor-widget-container\">\n\t\t\t\t\t<h2 class=\"elementor-heading-title elementor-size-default\">Pol\u00edtica de privacidad de Omegle.red<\/h2>\t\t\t\t<\/div>\n\t\t\t\t<\/div>\n\t\t\t\t<div class=\"elementor-element elementor-element-5047d9ee elementor-invisible elementor-widget elementor-widget-text-editor\" data-id=\"5047d9ee\" data-element_type=\"widget\" data-e-type=\"widget\" data-settings=\"{&quot;_animation&quot;:&quot;fadeInUp&quot;}\" data-widget_type=\"text-editor.default\">\n\t\t\t\t<div class=\"elementor-widget-container\">\n\t\t\t\t\t\t\t\t\t<p>Su derecho a la privacidad es importante para nosotros. Esta pol\u00edtica de privacidad describe c\u00f3mo recogemos, utilizamos y protegemos su informaci\u00f3n cuando utiliza nuestro sitio web.<\/p>\t\t\t\t\t\t\t\t<\/div>\n\t\t\t\t<\/div>\n\t\t\t\t<div class=\"elementor-element elementor-element-2fc4127 elementor-invisible elementor-widget elementor-widget-text-editor\" data-id=\"2fc4127\" data-element_type=\"widget\" data-e-type=\"widget\" data-settings=\"{&quot;_animation&quot;:&quot;fadeInUp&quot;}\" data-widget_type=\"text-editor.default\">\n\t\t\t\t<div class=\"elementor-widget-container\">\n\t\t\t\t\t\t\t\t\t<p><strong>1. Asociaci\u00f3n<\/strong><\/p><p>Somos socios de Coomeet.com. Toda nuestra pol\u00edtica de privacidad b\u00e1sica relativa al uso de nuestro servicio se establece en el sitio web de Coomeet. Al utilizar nuestro sitio, acepta autom\u00e1ticamente la pol\u00edtica de privacidad publicada en Coomeet.com.<\/p><p>\u00a0<\/p><p><strong>2. Recogida de informaci\u00f3n<\/strong><\/p><p>Recopilamos la informaci\u00f3n que usted nos proporciona cuando se registra y utiliza nuestro servicio. Esto puede incluir, entre otros, su nombre, direcci\u00f3n de correo electr\u00f3nico y datos de chat.<\/p><p>\u00a0<\/p><p><strong>3. uso de la informaci\u00f3n<\/strong><\/p><p>Utilizamos su informaci\u00f3n para:<\/p><p>Prestar y mejorar nuestros servicios.<br \/>Ponernos en contacto con usted para hacerle preguntas sobre su cuenta.<br \/>Analizar su uso de nuestro servicio para mejorar la funcionalidad.<\/p><p><br \/><strong>4. Seguridad<\/strong><br \/>Tomamos medidas razonables para proteger su informaci\u00f3n contra el acceso, uso o divulgaci\u00f3n no autorizados. Sin embargo, no se puede garantizar que ning\u00fan m\u00e9todo de transmisi\u00f3n por Internet o de almacenamiento de datos sea absolutamente seguro.<\/p><p>\u00a0<\/p><p><strong>5. Cookies<\/strong><br \/>Nuestro sitio web utiliza cookies para mejorar su experiencia de usuario. Puede configurar su navegador para que rechace o le notifique todas las cookies.<\/p><p>\u00a0<\/p><p><strong>6. 6. Acceso a la informaci\u00f3n<\/strong><br \/>Tiene derecho a solicitar el acceso a la informaci\u00f3n que tenemos sobre usted, modificarla o eliminarla.<\/p><p>\u00a0<\/p><p><strong>7. Cambios pol\u00edticos<\/strong><br \/>Podemos actualizar nuestra Pol\u00edtica de Privacidad de vez en cuando. Le notificaremos los cambios publicando la nueva Pol\u00edtica en este sitio web.<\/p><p>\u00a0<\/p><p><strong>8. 8. Informaci\u00f3n de contacto<\/strong><br \/>Si tiene preguntas o sugerencias sobre nuestra Pol\u00edtica de Privacidad, p\u00f3ngase en contacto con nosotros en webmaster@omegle.red.<\/p><p><strong>\u00daltima actualizaci\u00f3n:<\/strong> 20-10-2024.<\/p>\t\t\t\t\t\t\t\t<\/div>\n\t\t\t\t<\/div>\n\t\t\t\t\t<\/div>\n\t\t<\/div>\n\t\t\t\t\t<\/div>\n\t\t<\/section>\n\t\t\t\t<\/div>","protected":false},"excerpt":{"rendered":"<p>Privacy Policy for Omegle.red Your right to privacy is important to us. This Privacy Policy describes how we collect, use and protect your information when you use our website. 1. Partnership We are a partnership with Coomeet.com. Our entire basic privacy policy regarding the use of our service is set forth on the Coomeet website. [&hellip;]<\/p>","protected":false},"author":1,"featured_media":0,"parent":0,"menu_order":0,"comment_status":"closed","ping_status":"closed","template":"elementor_header_footer","meta":{"footnotes":""},"class_list":["post-649","page","type-page","status-publish","hentry"],"aioseo_notices":[],"_links":{"self":[{"href":"https:\/\/omegle.red\/es\/wp-json\/wp\/v2\/pages\/649","targetHints":{"allow":["GET"]}}],"collection":[{"href":"https:\/\/omegle.red\/es\/wp-json\/wp\/v2\/pages"}],"about":[{"href":"https:\/\/omegle.red\/es\/wp-json\/wp\/v2\/types\/page"}],"author":[{"embeddable":true,"href":"https:\/\/omegle.red\/es\/wp-json\/wp\/v2\/users\/1"}],"replies":[{"embeddable":true,"href":"https:\/\/omegle.red\/es\/wp-json\/wp\/v2\/comments?post=649"}],"version-history":[{"count":0,"href":"https:\/\/omegle.red\/es\/wp-json\/wp\/v2\/pages\/649\/revisions"}],"wp:attachment":[{"href":"https:\/\/omegle.red\/es\/wp-json\/wp\/v2\/media?parent=649"}],"curies":[{"name":"wp","href":"https:\/\/api.w.org\/{rel}","templated":true}]}}