{"id":649,"date":"2024-10-20T16:20:50","date_gmt":"2024-10-20T13:20:50","guid":{"rendered":"https:\/\/omegle.red\/?page_id=649"},"modified":"2024-10-20T16:28:18","modified_gmt":"2024-10-20T13:28:18","slug":"datenschutzbestimmungen","status":"publish","type":"page","link":"https:\/\/omegle.red\/de\/datenschutzbestimmungen\/","title":{"rendered":"Datenschutzbestimmungen"},"content":{"rendered":"<div data-elementor-type=\"wp-page\" data-elementor-id=\"649\" class=\"elementor elementor-649\">\n\t\t\t\t\t\t<section class=\"elementor-section elementor-top-section elementor-element elementor-element-229109fd elementor-section-boxed elementor-section-height-default elementor-section-height-default\" data-id=\"229109fd\" data-element_type=\"section\" data-e-type=\"section\" data-settings=\"{&quot;background_background&quot;:&quot;classic&quot;}\">\n\t\t\t\t\t\t\t<div class=\"elementor-background-overlay\"><\/div>\n\t\t\t\t\t\t\t<div class=\"elementor-container elementor-column-gap-default\">\n\t\t\t\t\t<div class=\"elementor-column elementor-col-100 elementor-top-column elementor-element elementor-element-1d4b1ef1\" data-id=\"1d4b1ef1\" data-element_type=\"column\" data-e-type=\"column\">\n\t\t\t<div class=\"elementor-widget-wrap elementor-element-populated\">\n\t\t\t\t\t\t<div class=\"elementor-element elementor-element-66e67848 elementor-invisible elementor-widget elementor-widget-heading\" data-id=\"66e67848\" data-element_type=\"widget\" data-e-type=\"widget\" data-settings=\"{&quot;_animation&quot;:&quot;fadeInUp&quot;}\" data-widget_type=\"heading.default\">\n\t\t\t\t<div class=\"elementor-widget-container\">\n\t\t\t\t\t<h2 class=\"elementor-heading-title elementor-size-default\">Datenschutzrichtlinie f\u00fcr Omegle.red<\/h2>\t\t\t\t<\/div>\n\t\t\t\t<\/div>\n\t\t\t\t<div class=\"elementor-element elementor-element-5047d9ee elementor-invisible elementor-widget elementor-widget-text-editor\" data-id=\"5047d9ee\" data-element_type=\"widget\" data-e-type=\"widget\" data-settings=\"{&quot;_animation&quot;:&quot;fadeInUp&quot;}\" data-widget_type=\"text-editor.default\">\n\t\t\t\t<div class=\"elementor-widget-container\">\n\t\t\t\t\t\t\t\t\t<p>Ihr Recht auf Datenschutz ist f\u00fcr uns wichtig. Diese Datenschutzrichtlinie beschreibt, wie wir Ihre Daten bei der Nutzung unserer Website erfassen, verwenden und sch\u00fctzen.<\/p>\t\t\t\t\t\t\t\t<\/div>\n\t\t\t\t<\/div>\n\t\t\t\t<div class=\"elementor-element elementor-element-2fc4127 elementor-invisible elementor-widget elementor-widget-text-editor\" data-id=\"2fc4127\" data-element_type=\"widget\" data-e-type=\"widget\" data-settings=\"{&quot;_animation&quot;:&quot;fadeInUp&quot;}\" data-widget_type=\"text-editor.default\">\n\t\t\t\t<div class=\"elementor-widget-container\">\n\t\t\t\t\t\t\t\t\t<p><strong>1. Partnerschaft<\/strong><\/p><p>Wir sind eine Partnerschaft mit Coomeet.com eingegangen. Unsere gesamte grundlegende Datenschutzpolitik in Bezug auf die Nutzung unseres Dienstes ist auf der Coomeet-Website dargelegt. Durch die Nutzung unserer Website stimmen Sie automatisch den auf Coomeet.com ver\u00f6ffentlichten Datenschutzrichtlinien zu.<\/p><p>\u00a0<\/p><p><strong>2. Informationssammlung<\/strong><\/p><p>Wir sammeln Informationen, die Sie bei der Registrierung und Nutzung unseres Dienstes angeben. Dazu k\u00f6nnen unter anderem Ihr Name, Ihre E-Mail-Adresse und Chat-Daten geh\u00f6ren.<\/p><p>\u00a0<\/p><p><strong>3. Nutzung von Informationen<\/strong><\/p><p>Wir verwenden Ihre Informationen, um:<\/p><p>Erbringung und Verbesserung unserer Dienstleistungen.<br \/>Kontaktaufnahme mit Ihnen bei Fragen zu Ihrem Konto.<br \/>Analyse Ihrer Nutzung unseres Dienstes zur Verbesserung der Funktionalit\u00e4t.<\/p><p><br \/><strong>4. Sicherheit<\/strong><br \/>Wir ergreifen angemessene Ma\u00dfnahmen, um Ihre Daten vor unbefugtem Zugriff, Verwendung oder Offenlegung zu sch\u00fctzen. Jedoch kann keine Methode der \u00dcbertragung \u00fcber das Internet oder der Datenspeicherung als absolut sicher garantiert werden.<\/p><p>\u00a0<\/p><p><strong>5. Cookies<\/strong><br \/>Unsere Website verwendet Cookies, um Ihre Benutzerfreundlichkeit zu verbessern. Sie k\u00f6nnen Ihren Browser so einstellen, dass er alle Cookies ablehnt oder Sie \u00fcber diese informiert.<\/p><p>\u00a0<\/p><p><strong>6. Zugang zu Informationen<\/strong><br \/>Sie haben das Recht, Zugang zu den \u00fcber Sie gespeicherten Daten zu verlangen, sie zu \u00e4ndern oder zu l\u00f6schen.<\/p><p>\u00a0<\/p><p><strong>7. \u00c4nderungen der Politik<\/strong><br \/>Wir k\u00f6nnen unsere Datenschutzrichtlinie von Zeit zu Zeit aktualisieren. Wir werden Sie \u00fcber \u00c4nderungen informieren, indem wir die neue Richtlinie auf dieser Website ver\u00f6ffentlichen.<\/p><p>\u00a0<\/p><p><strong>8. Kontaktinformationen<\/strong><br \/>Wenn Sie Fragen oder Anregungen zu unserer Datenschutzrichtlinie haben, kontaktieren Sie uns bitte unter webmaster@omegle.red.<\/p><p><strong>Zuletzt aktualisiert:<\/strong> 20-10-2024.<\/p>\t\t\t\t\t\t\t\t<\/div>\n\t\t\t\t<\/div>\n\t\t\t\t\t<\/div>\n\t\t<\/div>\n\t\t\t\t\t<\/div>\n\t\t<\/section>\n\t\t\t\t<\/div>","protected":false},"excerpt":{"rendered":"<p>Privacy Policy for Omegle.red Your right to privacy is important to us. This Privacy Policy describes how we collect, use and protect your information when you use our website. 1. Partnership We are a partnership with Coomeet.com. Our entire basic privacy policy regarding the use of our service is set forth on the Coomeet website. [&hellip;]<\/p>","protected":false},"author":1,"featured_media":0,"parent":0,"menu_order":0,"comment_status":"closed","ping_status":"closed","template":"elementor_header_footer","meta":{"footnotes":""},"class_list":["post-649","page","type-page","status-publish","hentry"],"aioseo_notices":[],"_links":{"self":[{"href":"https:\/\/omegle.red\/de\/wp-json\/wp\/v2\/pages\/649","targetHints":{"allow":["GET"]}}],"collection":[{"href":"https:\/\/omegle.red\/de\/wp-json\/wp\/v2\/pages"}],"about":[{"href":"https:\/\/omegle.red\/de\/wp-json\/wp\/v2\/types\/page"}],"author":[{"embeddable":true,"href":"https:\/\/omegle.red\/de\/wp-json\/wp\/v2\/users\/1"}],"replies":[{"embeddable":true,"href":"https:\/\/omegle.red\/de\/wp-json\/wp\/v2\/comments?post=649"}],"version-history":[{"count":0,"href":"https:\/\/omegle.red\/de\/wp-json\/wp\/v2\/pages\/649\/revisions"}],"wp:attachment":[{"href":"https:\/\/omegle.red\/de\/wp-json\/wp\/v2\/media?parent=649"}],"curies":[{"name":"wp","href":"https:\/\/api.w.org\/{rel}","templated":true}]}}