{"id":649,"date":"2024-10-20T16:20:50","date_gmt":"2024-10-20T13:20:50","guid":{"rendered":"https:\/\/omegle.red\/?page_id=649"},"modified":"2024-10-20T16:28:18","modified_gmt":"2024-10-20T13:28:18","slug":"zasady-ochrany-osobnich-udaju","status":"publish","type":"page","link":"https:\/\/omegle.red\/cs\/zasady-ochrany-osobnich-udaju\/","title":{"rendered":"Z\u00e1sady ochrany osobn\u00edch \u00fadaj\u016f"},"content":{"rendered":"<div data-elementor-type=\"wp-page\" data-elementor-id=\"649\" class=\"elementor elementor-649\">\n\t\t\t\t\t\t<section class=\"elementor-section elementor-top-section elementor-element elementor-element-229109fd elementor-section-boxed elementor-section-height-default elementor-section-height-default\" data-id=\"229109fd\" data-element_type=\"section\" data-e-type=\"section\" data-settings=\"{&quot;background_background&quot;:&quot;classic&quot;}\">\n\t\t\t\t\t\t\t<div class=\"elementor-background-overlay\"><\/div>\n\t\t\t\t\t\t\t<div class=\"elementor-container elementor-column-gap-default\">\n\t\t\t\t\t<div class=\"elementor-column elementor-col-100 elementor-top-column elementor-element elementor-element-1d4b1ef1\" data-id=\"1d4b1ef1\" data-element_type=\"column\" data-e-type=\"column\">\n\t\t\t<div class=\"elementor-widget-wrap elementor-element-populated\">\n\t\t\t\t\t\t<div class=\"elementor-element elementor-element-66e67848 elementor-invisible elementor-widget elementor-widget-heading\" data-id=\"66e67848\" data-element_type=\"widget\" data-e-type=\"widget\" data-settings=\"{&quot;_animation&quot;:&quot;fadeInUp&quot;}\" data-widget_type=\"heading.default\">\n\t\t\t\t<div class=\"elementor-widget-container\">\n\t\t\t\t\t<h2 class=\"elementor-heading-title elementor-size-default\">Z\u00e1sady ochrany osobn\u00edch \u00fadaj\u016f pro Omegle.red<\/h2>\t\t\t\t<\/div>\n\t\t\t\t<\/div>\n\t\t\t\t<div class=\"elementor-element elementor-element-5047d9ee elementor-invisible elementor-widget elementor-widget-text-editor\" data-id=\"5047d9ee\" data-element_type=\"widget\" data-e-type=\"widget\" data-settings=\"{&quot;_animation&quot;:&quot;fadeInUp&quot;}\" data-widget_type=\"text-editor.default\">\n\t\t\t\t<div class=\"elementor-widget-container\">\n\t\t\t\t\t\t\t\t\t<p>Va\u0161e pr\u00e1vo na soukrom\u00ed je pro n\u00e1s d\u016fle\u017eit\u00e9. Tyto z\u00e1sady ochrany osobn\u00edch \u00fadaj\u016f popisuj\u00ed, jak shroma\u017e\u010fujeme, pou\u017e\u00edv\u00e1me a chr\u00e1n\u00edme va\u0161e \u00fadaje p\u0159i pou\u017e\u00edv\u00e1n\u00ed na\u0161ich webov\u00fdch str\u00e1nek.<\/p>\t\t\t\t\t\t\t\t<\/div>\n\t\t\t\t<\/div>\n\t\t\t\t<div class=\"elementor-element elementor-element-2fc4127 elementor-invisible elementor-widget elementor-widget-text-editor\" data-id=\"2fc4127\" data-element_type=\"widget\" data-e-type=\"widget\" data-settings=\"{&quot;_animation&quot;:&quot;fadeInUp&quot;}\" data-widget_type=\"text-editor.default\">\n\t\t\t\t<div class=\"elementor-widget-container\">\n\t\t\t\t\t\t\t\t\t<p><strong>1. Partnerstv\u00ed<\/strong><\/p><p>Jsme partnerem spole\u010dnosti Coomeet.com. Cel\u00e9 z\u00e1kladn\u00ed z\u00e1sady ochrany osobn\u00edch \u00fadaj\u016f t\u00fdkaj\u00edc\u00ed se pou\u017e\u00edv\u00e1n\u00ed na\u0161ich slu\u017eeb jsou uvedeny na webov\u00fdch str\u00e1nk\u00e1ch spole\u010dnosti Coomeet. Pou\u017e\u00edv\u00e1n\u00edm na\u0161ich str\u00e1nek automaticky souhlas\u00edte se z\u00e1sadami ochrany osobn\u00edch \u00fadaj\u016f zve\u0159ejn\u011bn\u00fdmi na str\u00e1nk\u00e1ch Coomeet.com.<\/p><p>\u00a0<\/p><p><strong>2. Sb\u011br informac\u00ed<\/strong><\/p><p>Shroma\u017e\u010fujeme informace, kter\u00e9 n\u00e1m poskytnete p\u0159i registraci a pou\u017e\u00edv\u00e1n\u00ed na\u0161ich slu\u017eeb. Mohou zahrnovat mimo jin\u00e9 va\u0161e jm\u00e9no, e-mailovou adresu a \u00fadaje z chatu.<\/p><p>\u00a0<\/p><p><strong>3. vyu\u017eit\u00ed informac\u00ed<\/strong><\/p><p>Va\u0161e \u00fadaje pou\u017e\u00edv\u00e1me k:<\/p><p>Poskytov\u00e1n\u00ed a zlep\u0161ov\u00e1n\u00ed na\u0161ich slu\u017eeb.<br \/>kontaktov\u00e1n\u00ed s dotazy t\u00fdkaj\u00edc\u00edmi se va\u0161eho \u00fa\u010dtu.<br \/>Anal\u00fdza va\u0161eho pou\u017e\u00edv\u00e1n\u00ed na\u0161ich slu\u017eeb za \u00fa\u010delem zlep\u0161en\u00ed funk\u010dnosti.<\/p><p><br \/><strong>4. Zabezpe\u010den\u00ed<\/strong><br \/>P\u0159ij\u00edm\u00e1me p\u0159im\u011b\u0159en\u00e1 opat\u0159en\u00ed na ochranu va\u0161ich \u00fadaj\u016f p\u0159ed neopr\u00e1vn\u011bn\u00fdm p\u0159\u00edstupem, pou\u017eit\u00edm nebo zve\u0159ejn\u011bn\u00edm. U \u017e\u00e1dn\u00e9ho zp\u016fsobu p\u0159enosu p\u0159es internet ani zp\u016fsobu ukl\u00e1d\u00e1n\u00ed dat v\u0161ak nelze zaru\u010dit absolutn\u00ed bezpe\u010dnost.<\/p><p>\u00a0<\/p><p><strong>5. Soubory cookie<\/strong><br \/>Na\u0161e webov\u00e9 str\u00e1nky pou\u017e\u00edvaj\u00ed soubory cookie ke zlep\u0161en\u00ed u\u017eivatelsk\u00e9ho komfortu. Sv\u016fj prohl\u00ed\u017ee\u010d m\u016f\u017eete nastavit tak, aby v\u0161echny soubory cookie odm\u00edtal nebo v\u00e1s na n\u011b upozor\u0148oval.<\/p><p>\u00a0<\/p><p><strong>6. P\u0159\u00edstup k informac\u00edm<\/strong><br \/>M\u00e1te pr\u00e1vo po\u017e\u00e1dat o p\u0159\u00edstup k informac\u00edm, kter\u00e9 o v\u00e1s uchov\u00e1v\u00e1me, upravit je nebo vymazat.<\/p><p>\u00a0<\/p><p><strong>7. Zm\u011bny z\u00e1sad<\/strong><br \/>Na\u0161e z\u00e1sady ochrany osobn\u00edch \u00fadaj\u016f m\u016f\u017eeme \u010das od \u010dasu aktualizovat. O zm\u011bn\u00e1ch v\u00e1s budeme informovat zve\u0159ejn\u011bn\u00edm nov\u00fdch z\u00e1sad na t\u011bchto webov\u00fdch str\u00e1nk\u00e1ch.<\/p><p>\u00a0<\/p><p><strong>8. Kontaktn\u00ed informace<\/strong><br \/>Pokud m\u00e1te dotazy nebo p\u0159ipom\u00ednky k na\u0161im z\u00e1sad\u00e1m ochrany osobn\u00edch \u00fadaj\u016f, kontaktujte n\u00e1s na adrese webmaster@omegle.red.<\/p><p><strong>Posledn\u00ed aktualizace:<\/strong> 20-10-2024.<\/p>\t\t\t\t\t\t\t\t<\/div>\n\t\t\t\t<\/div>\n\t\t\t\t\t<\/div>\n\t\t<\/div>\n\t\t\t\t\t<\/div>\n\t\t<\/section>\n\t\t\t\t<\/div>","protected":false},"excerpt":{"rendered":"<p>Privacy Policy for Omegle.red Your right to privacy is important to us. This Privacy Policy describes how we collect, use and protect your information when you use our website. 1. Partnership We are a partnership with Coomeet.com. Our entire basic privacy policy regarding the use of our service is set forth on the Coomeet website. [&hellip;]<\/p>","protected":false},"author":1,"featured_media":0,"parent":0,"menu_order":0,"comment_status":"closed","ping_status":"closed","template":"elementor_header_footer","meta":{"footnotes":""},"class_list":["post-649","page","type-page","status-publish","hentry"],"aioseo_notices":[],"_links":{"self":[{"href":"https:\/\/omegle.red\/cs\/wp-json\/wp\/v2\/pages\/649","targetHints":{"allow":["GET"]}}],"collection":[{"href":"https:\/\/omegle.red\/cs\/wp-json\/wp\/v2\/pages"}],"about":[{"href":"https:\/\/omegle.red\/cs\/wp-json\/wp\/v2\/types\/page"}],"author":[{"embeddable":true,"href":"https:\/\/omegle.red\/cs\/wp-json\/wp\/v2\/users\/1"}],"replies":[{"embeddable":true,"href":"https:\/\/omegle.red\/cs\/wp-json\/wp\/v2\/comments?post=649"}],"version-history":[{"count":0,"href":"https:\/\/omegle.red\/cs\/wp-json\/wp\/v2\/pages\/649\/revisions"}],"wp:attachment":[{"href":"https:\/\/omegle.red\/cs\/wp-json\/wp\/v2\/media?parent=649"}],"curies":[{"name":"wp","href":"https:\/\/api.w.org\/{rel}","templated":true}]}}